{"id":321,"date":"2024-02-08T14:34:49","date_gmt":"2024-02-08T14:34:49","guid":{"rendered":"https:\/\/partybox.hhit.ch\/?page_id=321"},"modified":"2024-02-08T14:34:49","modified_gmt":"2024-02-08T14:34:49","slug":"agb","status":"publish","type":"page","link":"https:\/\/kidspartybox.ch\/index.php\/agb\/","title":{"rendered":"AGB"},"content":{"rendered":"<p>[et_pb_section fb_built=&#8220;1&#8243; admin_label=&#8220;Header&#8220; _builder_version=&#8220;4.24.0&#8243; use_background_color_gradient=&#8220;on&#8220; background_color_gradient_direction=&#8220;140deg&#8220; background_color_gradient_stops=&#8220;#ffffff 0%|rgba(255,255,255,0.62) 100%&#8220; background_color_gradient_overlays_image=&#8220;on&#8220; background_color_gradient_start=&#8220;#ffffff&#8220; background_color_gradient_end=&#8220;rgba(255,255,255,0.62)&#8220; background_image=&#8220;https:\/\/kidspartybox.ch\/wp-content\/uploads\/2024\/02\/NADJAfotografie_Piraten-19-von-60.jpg&#8220; max_width=&#8220;90%&#8220; custom_padding=&#8220;6vw||6vw|10vw|true|false&#8220; border_radii=&#8220;off|4px|4px|98px|4px&#8220; box_shadow_style=&#8220;preset4&#8243; box_shadow_horizontal=&#8220;30vw&#8220; box_shadow_vertical=&#8220;-15vw&#8220; box_shadow_color=&#8220;#0C71C3&#8243; locked=&#8220;off&#8220; global_colors_info=&#8220;{}&#8220; theme_builder_area=&#8220;post_content&#8220;][et_pb_row _builder_version=&#8220;4.16&#8243; width=&#8220;90%&#8220; max_width=&#8220;none&#8220; locked=&#8220;off&#8220; global_colors_info=&#8220;{}&#8220; theme_builder_area=&#8220;post_content&#8220;][et_pb_column type=&#8220;4_4&#8243; _builder_version=&#8220;4.16&#8243; global_colors_info=&#8220;{}&#8220; theme_builder_area=&#8220;post_content&#8220;][et_pb_text _builder_version=&#8220;4.24.0&#8243; locked=&#8220;off&#8220; global_colors_info=&#8220;{}&#8220; theme_builder_area=&#8220;post_content&#8220;]<\/p>\n<h1>AGBs<\/h1>\n<p>[\/et_pb_text][\/et_pb_column][\/et_pb_row][\/et_pb_section][et_pb_section fb_built=&#8220;1&#8243; custom_padding_last_edited=&#8220;on|phone&#8220; admin_label=&#8220;Services&#8220; _builder_version=&#8220;4.16&#8243; custom_padding=&#8220;||0px|||&#8220; custom_padding_tablet=&#8220;0px||0px||true|false&#8220; custom_padding_phone=&#8220;&#8220; locked=&#8220;off&#8220; global_colors_info=&#8220;{}&#8220; theme_builder_area=&#8220;post_content&#8220;][et_pb_row _builder_version=&#8220;4.16&#8243; global_colors_info=&#8220;{}&#8220; theme_builder_area=&#8220;post_content&#8220;][et_pb_column type=&#8220;4_4&#8243; _builder_version=&#8220;4.16&#8243; global_colors_info=&#8220;{}&#8220; theme_builder_area=&#8220;post_content&#8220;][et_pb_text _builder_version=&#8220;4.24.0&#8243; header_font=&#8220;||||||||&#8220; header_3_font=&#8220;Playfair Display|700|||||||&#8220; header_3_font_size=&#8220;50px&#8220; header_3_line_height=&#8220;1.2em&#8220; max_width=&#8220;800px&#8220; header_3_font_size_tablet=&#8220;40px&#8220; header_3_font_size_phone=&#8220;30px&#8220; header_3_font_size_last_edited=&#8220;on|phone&#8220; locked=&#8220;off&#8220; global_colors_info=&#8220;{}&#8220; theme_builder_area=&#8220;post_content&#8220;]<\/p>\n<ol style=\"text-align: left;\">\n<li><strong>Geltungsbereich<\/strong><\/li>\n<\/ol>\n<p style=\"text-align: left;\">Die folgenden allgemeinen Gesch\u00e4ftsbedingungen (AGB) regeln das Vertragsverh\u00e4ltnis zwischen<span>\u00a0<\/span><em>kidspartybox<\/em><span>\u00a0<\/span>sowie Kundinnen und Kunden (nachfolgend Kunde). Nachstehende Gesch\u00e4ftsbedingungen gelten f\u00fcr alle Vertr\u00e4ge und sonstige Leistungen. Abweichenden Vorschriften des Vertragspartners wird hiermit ausdr\u00fccklich widersprochen. Alle Nebenabreden bed\u00fcrfen der Schriftform.<span>\u00a0<\/span><em>kidspartybox<\/em><span>\u00a0<\/span>ist jederzeit berechtigt, diese AGB einschliesslich aller eventuellen Anlagen mit einer angemessenen K\u00fcndigungsfrist zu \u00e4ndern oder zu erg\u00e4nzen.<\/p>\n<ol start=\"2\" style=\"text-align: left;\">\n<li><strong>Eigentumsvorbehalt<\/strong><\/li>\n<\/ol>\n<p style=\"text-align: left;\"><em>kidspartybox<\/em><span>\u00a0<\/span>stellt den Inhalt der Box (Kost\u00fcme, Zubeh\u00f6r, Spiele, Dekorationsmaterialien usw.) zur Miete f\u00fcr den vereinbarten Zeitraum zur Verf\u00fcgung.\u00a0Die Mietgegenst\u00e4nde bleiben Eigentum von<span>\u00a0<\/span><em>kidspartybox<\/em><span>\u00a0<\/span>und d\u00fcrfen nicht an Dritte untervermietet, verliehen oder \u00fcbereignet werden.<\/p>\n<ol start=\"3\" style=\"text-align: left;\">\n<li><strong>Mietvertrag<\/strong><\/li>\n<\/ol>\n<p style=\"text-align: left;\">Der Mietvertrag kommt durch eine telefonische, pers\u00f6nliche oder Online-Bestellung zustande.<\/p>\n<ol start=\"4\" style=\"text-align: left;\">\n<li><strong>Mietdauer<\/strong><\/li>\n<\/ol>\n<p style=\"text-align: left;\">4.1. Beginn der Mietdauer<\/p>\n<p style=\"text-align: left;\">Die Mietdauer beginnt mit dem Versand bzw. mit der pers\u00f6nlichen Abholung der Box.<\/p>\n<p style=\"text-align: left;\">4.2. Ende der Mietdauer<\/p>\n<p style=\"text-align: left;\">Die Mietdauer endet mit der R\u00fccksendung bzw. mit der pers\u00f6nlichen R\u00fcckgabe der Box.<\/p>\n<ol start=\"5\" style=\"text-align: left;\">\n<li><strong>Versand und R\u00fccksendung<\/strong><\/li>\n<\/ol>\n<p style=\"text-align: left;\">5.1. Versand<\/p>\n<p style=\"text-align: left;\">Der Versand ist nur innerhalb der Schweiz m\u00f6glich. Die Anlieferung der Box erfolgt sp\u00e4testens einen Tag vor dem vereinbarten Termin. Die Annahme der Box ist durch den Kunden zu gew\u00e4hrleisten.<span>\u00a0<\/span><em>kidspartybox<\/em><span>\u00a0<\/span>ist nicht verantwortlich, wenn der Kunde vom Paketzusteller nicht angetroffen wird.<\/p>\n<p style=\"text-align: left;\">5.2. R\u00fccksendung<\/p>\n<p style=\"text-align: left;\">Die R\u00fccksendung muss sp\u00e4testens am n\u00e4chsten Werktag nach dem vereinbarten Termin erfolgen. Es gilt das Datum des Poststempels. Die R\u00fccksendung der Box ist durch den Kunden zu gew\u00e4hrleisten. Der beigef\u00fcgte Retouraufkleber ist f\u00fcr den R\u00fccktransport zu verwenden.<\/p>\n<ol start=\"6\" style=\"text-align: left;\">\n<li><strong>Pers\u00f6nliche Abholung und pers\u00f6nliche R\u00fcckgabe<\/strong><\/li>\n<\/ol>\n<p style=\"text-align: left;\">6.1. Pers\u00f6nliche Abholung<\/p>\n<p style=\"text-align: left;\">Bei pers\u00f6nlicher Abholung wird ein Termin zur Abholung mit<span>\u00a0<\/span><em>kidspartybox<\/em><span>\u00a0<\/span>festgelegt. Die Abholung der Box ist durch den Kunden zu gew\u00e4hrleisten.<span>\u00a0<\/span><em>kidspartybox<\/em><span>\u00a0<\/span>ist nicht verantwortlich, falls der Termin vom Kunden nicht eingehalten wird.<\/p>\n<p style=\"text-align: left;\">6.2. Pers\u00f6nliche R\u00fcckgabe<\/p>\n<p style=\"text-align: left;\">Bei pers\u00f6nlicher R\u00fcckgabe wird ein Termin zur R\u00fcckgabe mit<span>\u00a0<\/span><em>kidspartybox<\/em><span>\u00a0<\/span>festgelegt. Die R\u00fcckgabe der Box ist durch den Kunden zu gew\u00e4hrleisten.<span>\u00a0<\/span><em>kidspartybox<\/em><span>\u00a0<\/span>ist nicht verantwortlich, falls der Termin von Kunden nicht eingehalten wird.<\/p>\n<ol start=\"7\" style=\"text-align: left;\">\n<li><strong>Zahlungsbedingungen f\u00fcr die Miete<\/strong><\/li>\n<\/ol>\n<p style=\"text-align: left;\">Die Boxen werden nur bei vorheriger Bezahlung herausgegeben. Der Rechnungsbetrag muss vor Versendung der Box auf unserem Konto gutgeschrieben sein. Ist der Rechnungsbetrag nicht am Tag der Versendung auf unserem Konto, findet keine Lieferung statt. Der Kunde ist verpflichtet, seine Personalien vollst\u00e4ndig und richtig anzugeben.<strong>\u00a0<\/strong><\/p>\n<p style=\"text-align: left;\">7.1. Mietgeb\u00fchren<\/p>\n<p style=\"text-align: left;\">Unsere Mietgeb\u00fchren orientieren sich an Art und Umfang der Boxen.<\/p>\n<p style=\"text-align: left;\">7.2. Porto<\/p>\n<p style=\"text-align: left;\">In unseren Mietgeb\u00fchren sind keine Versandkosten enthalten.<\/p>\n<p style=\"text-align: left;\">7.3. Kaution<\/p>\n<p style=\"text-align: left;\">F\u00fcr jede gemietete Box ist eine Kaution von CHF 80.00 zu bezahlen. Bei R\u00fcckgabe der kompletten und unbesch\u00e4digten Box samt gut erhaltenem Inhalt wird die Kaution automatisch zur\u00fcckerstattet.<\/p>\n<p style=\"text-align: left;\">7.4. Mahnung und Mahngeb\u00fchren<\/p>\n<p style=\"text-align: left;\">Bei versp\u00e4teter R\u00fcckgabe ist f\u00fcr jeden begonnenen Tag der Frist\u00fcberschreitung eine pauschale Tagesmiete in der H\u00f6he von CHF 100 pro Box zu bezahlen.<span>\u00a0<\/span><em>kidspartybox<\/em><span>\u00a0<\/span>ist umgehend \u00fcber R\u00fcckgabeverz\u00f6gerungen zu informieren.<\/p>\n<ol start=\"8\" style=\"text-align: left;\">\n<li><strong>Reinigung<\/strong><\/li>\n<\/ol>\n<p style=\"text-align: left;\">Die Reinigung der Kost\u00fcme, des Zubeh\u00f6rs und des Dekorationsmaterials erfolgt ausschliesslich durch kidspartybox.<\/p>\n<p style=\"text-align: left;\">Die Reinigung des Geschirrs (Teller, Sch\u00fcsseln, Becher, Etagere, Hexenkessel) erfolgt durch den Kunden. Diese d\u00fcrfen jedoch<span>\u00a0<\/span><strong>nicht<\/strong><span>\u00a0<\/span>in einem Geschirrsp\u00fclger\u00e4t gereinigt werden. Sollte das Geschirr nicht sauber gereinigt werden, wird daf\u00fcr eine Aufwandpauschale von CHF 15.00 von der Kaution abgezogen.<\/p>\n<ol start=\"9\" style=\"text-align: left;\">\n<li><strong>Besch\u00e4digungen oder Verlust<\/strong><\/li>\n<\/ol>\n<p style=\"text-align: left;\">Der Kunde hat bei Erhalt der Box zu pr\u00fcfen, ob die Gegenst\u00e4nde M\u00e4ngel aufweisen. Allf\u00e4llige Reklamationen sind unverz\u00fcglich vorzubringen und k\u00f6nnen nicht zu einem sp\u00e4teren Zeitpunkt get\u00e4tigt werden.<\/p>\n<p style=\"text-align: left;\">Der Kunde verpflichtet sich, mit den gemieteten Gegenst\u00e4nden sorgf\u00e4ltig umzugehen. Insbesondere verpflichtet er sich, die Gegenst\u00e4nde in ordnungsgem\u00e4ssem Zustand und vollst\u00e4ndig zum vereinbarten Termin zur\u00fcckzugeben. Entstandene Sch\u00e4den sind sp\u00e4testens bei der R\u00fcckgabe zu melden.<\/p>\n<p style=\"text-align: left;\">Bei der R\u00fccknahme wird der Zustand der gemieteten Artikel von kidspartybox gepr\u00fcft. Nicht zur\u00fcckerhaltene Mietgegenst\u00e4nde, Besch\u00e4digungen und besonders starke Verschmutzungen werden dem Kunden gesondert in Rechnung gestellt. Der Kunde haftet f\u00fcr Besch\u00e4digungen der Gegenst\u00e4nde w\u00e4hrend der Mietdauer in H\u00f6he der Kosten der Wiederherstellung des urspr\u00fcnglichen Zustandes, bei Verlust oder Zerst\u00f6rung bis zur H\u00f6he der Wiederbeschaffungskosten. Der Kunde tr\u00e4gt die Beweislast, dass eine bei R\u00fcckgabe der Mietsache festgestellte Besch\u00e4digung nicht w\u00e4hrend der Mietdauer entstanden ist.<\/p>\n<ol start=\"10\" style=\"text-align: left;\">\n<li><strong>Stornierung<\/strong><\/li>\n<\/ol>\n<p style=\"text-align: left;\">Der R\u00fccktritt vom Mietvertrag ist nur in Schriftform (E-Mail oder Brief) m\u00f6glich. Bis 30 Tage vor dem vereinbarten Termin kann der Vertrag\u00a0gratis storniert werden. Bis 14 Tage vor Termin wird die H\u00e4lfte der Miete zur\u00fcckerstattet. Danach ist der ganze Mietbetrag f\u00e4llig. Es fallen bei jeder Stornierung Bearbeitungsgeb\u00fchren in der H\u00f6he von CHF 10.00 pro Box an.<\/p>\n<ol start=\"11\" style=\"text-align: left;\">\n<li><strong>Haftungsausschluss<\/strong><\/li>\n<\/ol>\n<p style=\"text-align: left;\">Die Benutzung der Artikel erfolgt auf eigene Gefahr. kidspartybox haftet nicht f\u00fcr Sch\u00e4den oder Verletzungen im Zusammenhang mit der Mietsache. Es sollte immer mindestens eine erwachsene Aufsichtsperson bei den Aktivit\u00e4ten anwesend sein.<\/p>\n<p style=\"text-align: left;\">Kidspartybox enth\u00e4lt Links zu Websites Dritter. Diese Seiten werden nicht durch kidspartybox betrieben oder \u00fcberwacht. kidspartybox \u00fcbernimmt somit keinerlei Verantwortung, Garantien oder Haftung daf\u00fcr, dass die durch diese Website bereitgestellten Informationen, richtig, vollst\u00e4ndig oder aktuell sind. Alle Links zu externen Anbietern (wie beispielsweise unsere Facebook-Seite) wurden zum Zeitpunkt ihrer Aufnahme auf ihre Richtigkeit \u00fcberpr\u00fcft, dennoch haften wir nicht f\u00fcr Inhalte und Verf\u00fcgbarkeit von Websites, die mittels Hyperlinks zu erreichen sind.<\/p>\n<ol start=\"12\" style=\"text-align: left;\">\n<li><strong>Datenschutz<\/strong><\/li>\n<\/ol>\n<p style=\"text-align: left;\">Die vom Kunden bei einer Bestellung eingegebenen Daten (Name, Adresse, Telefnnummer, E-Mail-Adresse etc.) werden von kidspartybox ausschliesslich f\u00fcr die Abwicklung der Bestellung genutzt und nicht an Dritte weitergegeben. kidspartybox leistet keine Gew\u00e4hr f\u00fcr Vertraulichkeit und Integrit\u00e4t der \u00fcber diese Website ausgetauschten Daten.<\/p>\n<ol start=\"13\" style=\"text-align: left;\">\n<li><strong>Urheber- und Nutzungsrechte<\/strong><\/li>\n<\/ol>\n<p style=\"text-align: left;\">Es ist dem Kunden in keinem Fall gestattet, den gelieferten Inhalt oder Kopien in irgendeiner Form zu ver\u00f6ffentlichen, verteilen oder sonst irgendwie zu reproduzieren; dies gilt auch f\u00fcr s\u00e4mtliche Inhalte der Webseite www.kidspartybox.ch einschliesslich Texte, Grafiken, Fotos, Bilder, bewegter Bilder, Ger\u00e4usche, Illustrationen und Software.<\/p>\n<p style=\"text-align: left;\">Diese Inhalte sind durch Urheberrechte und andere Rechte gesch\u00fctzt. Ihre Verwendung ist nur mit der ausdr\u00fccklichen Zustimmung von kidspartybox gestattet.<\/p>\n<p style=\"text-align: left;\">Die angebotene Ware ist nur f\u00fcr den privaten, nichtkommerziellen Gebrauch bestimmt. Jede andere Nutzung stellt einen Verstoss gegen das Urheberrecht dar.<\/p>\n<p style=\"text-align: left;\"><strong>14.Geltendes Recht und Gerichtsstand<\/strong><\/p>\n<p style=\"text-align: left;\">Es gilt Schweizer Recht unter Ausschluss des UN-Abkommens \u00fcber den internationalen Warenkauf. Erf\u00fcllungsort f\u00fcr alle Anspr\u00fcche aus den mit kidspartybox geschlossenen Vertr\u00e4gen ist der Sitz von kidspartybox.<\/p>\n<p style=\"text-align: left;\">Ausschlie\u00dflicher Gerichtsstand f\u00fcr s\u00e4mtliche Streitigkeiten ist der Sitz von kidspartybox. kidspartybox beh\u00e4lt sich das Recht vor, den Kunden nach Wahl auch an dessen Wohnsitz zu verklagen.<\/p>\n<p style=\"text-align: left;\">Rorbas, 30. Juni 2020<\/p>\n<ul style=\"text-align: left;\"><\/ul>\n<p>[\/et_pb_text][\/et_pb_column][\/et_pb_row][\/et_pb_section]<\/p>\n","protected":false},"excerpt":{"rendered":"<p>AGBs Geltungsbereich Die folgenden allgemeinen Gesch\u00e4ftsbedingungen (AGB) regeln das Vertragsverh\u00e4ltnis zwischen\u00a0kidspartybox\u00a0sowie Kundinnen und Kunden (nachfolgend Kunde). Nachstehende Gesch\u00e4ftsbedingungen gelten f\u00fcr alle Vertr\u00e4ge und sonstige Leistungen. Abweichenden Vorschriften des Vertragspartners wird hiermit ausdr\u00fccklich widersprochen. Alle Nebenabreden bed\u00fcrfen der Schriftform.\u00a0kidspartybox\u00a0ist jederzeit berechtigt, diese AGB einschliesslich aller eventuellen Anlagen mit einer angemessenen K\u00fcndigungsfrist zu \u00e4ndern oder zu erg\u00e4nzen. [&hellip;]<\/p>\n","protected":false},"author":1,"featured_media":0,"parent":0,"menu_order":0,"comment_status":"closed","ping_status":"closed","template":"","meta":{"_et_pb_use_builder":"on","_et_pb_old_content":"","_et_gb_content_width":"","footnotes":""},"class_list":["post-321","page","type-page","status-publish","hentry"],"_links":{"self":[{"href":"https:\/\/kidspartybox.ch\/index.php\/wp-json\/wp\/v2\/pages\/321","targetHints":{"allow":["GET"]}}],"collection":[{"href":"https:\/\/kidspartybox.ch\/index.php\/wp-json\/wp\/v2\/pages"}],"about":[{"href":"https:\/\/kidspartybox.ch\/index.php\/wp-json\/wp\/v2\/types\/page"}],"author":[{"embeddable":true,"href":"https:\/\/kidspartybox.ch\/index.php\/wp-json\/wp\/v2\/users\/1"}],"replies":[{"embeddable":true,"href":"https:\/\/kidspartybox.ch\/index.php\/wp-json\/wp\/v2\/comments?post=321"}],"version-history":[{"count":2,"href":"https:\/\/kidspartybox.ch\/index.php\/wp-json\/wp\/v2\/pages\/321\/revisions"}],"predecessor-version":[{"id":323,"href":"https:\/\/kidspartybox.ch\/index.php\/wp-json\/wp\/v2\/pages\/321\/revisions\/323"}],"wp:attachment":[{"href":"https:\/\/kidspartybox.ch\/index.php\/wp-json\/wp\/v2\/media?parent=321"}],"curies":[{"name":"wp","href":"https:\/\/api.w.org\/{rel}","templated":true}]}}